{"id":117757,"date":"2022-09-28T14:40:59","date_gmt":"2022-09-28T14:40:59","guid":{"rendered":"https:\/\/www.rrcpeiting.de\/?page_id=117757"},"modified":"2025-07-04T06:31:34","modified_gmt":"2025-07-04T06:31:34","slug":"impressum-datenschutz","status":"publish","type":"page","link":"https:\/\/rrcpeiting.de\/?page_id=117757","title":{"rendered":"Impressum &#038; Datenschutz"},"content":{"rendered":"\t\t<div data-elementor-type=\"wp-page\" data-elementor-id=\"117757\" class=\"elementor elementor-117757\">\n\t\t\t\t<div class=\"elementor-element elementor-element-bffd8a e-flex e-con-boxed e-con e-parent\" data-id=\"bffd8a\" data-element_type=\"container\" data-e-type=\"container\">\n\t\t\t\t\t<div class=\"e-con-inner\">\n\t\t\t\t<div class=\"elementor-element elementor-element-640df6f9 elementor-widget elementor-widget-text-editor\" data-id=\"640df6f9\" data-element_type=\"widget\" data-e-type=\"widget\" data-widget_type=\"text-editor.default\">\n\t\t\t\t<div class=\"elementor-widget-container\">\n\t\t\t\t\t\t\t\t\t<h2>Impressum<\/h2><h3>Angaben i.S.d. TMG:<\/h3><p>TSV Peiting e.V.<br \/>Alfons-Peter-Str. 10<br \/>86971 Peiting<\/p><h3>Vetreten durch:<\/h3><p>G\u00fcnther Neureuther<\/p><p>\u00a0<\/p><p><strong>Rock &#8217;n&#8216; Roll Club Peiting im TSV e. V.<\/strong><br \/><em>vertreten durch den Abteilungsleiter: Tobias Thiele<\/em><br \/>Flachsstra\u00dfe 26<br \/>86179 Augsburg<\/p><p><strong>Verantwortlich i.S.d. \u00a7 18 Abs. 2 MStV:<\/strong><\/p><p>Tobas Thiele<br \/>Flachsstra\u00dfe 26, 86179 Augsburg<\/p><p><strong>Inhaltlich Verantwortlicher gem. \u00a7 55 Abs. 2 RStV<\/strong>:<\/p><p>Rock &#8217;n&#8216; Roll Club Peiting im TSV e. V.<br \/>vertreten durch den Abteilungsleiter: Tobias Thiele<br \/>(Anschrift wie oben)<\/p><p>Kontakt:<\/p><p>Telefon: +49 821 20832052<br \/>E-Mail: geschaeftsstelle(at)rrcpeiting.de<\/p><p><strong>Technische und grafische Umsetzung:<\/strong><br \/>MANO und Tobias Thiele<\/p><p><strong>Haftungshinweis:<\/strong> Trotz sorgf\u00e4ltiger inhaltlicher Kontrolle \u00fcbernehmen wir keine Haftung f\u00fcr die Inhalte externer Links. F\u00fcr den Inhalt der verlinkten Seiten sind aus schlie\u00dflich deren Betreiber verantwortlich.[\/vc_column_text][\/vc_column][vc_column width=&#8220;1\/2&#8243;][vc_column_text uncode_shortcode_id=&#8220;100864&#8243;]<\/p><h2><br \/>Datenschutzerkl\u00e4rung<\/h2><p>Verantwortlicher im Sinne der Datenschutzgesetze, insbesondere der EU-Datenschutzgrundverordnung (DSGVO), ist:<\/p><p>Rock &#8217;n&#8216; Roll Club Peiting im TSV e. V.<br \/>vertreten durch den Abteilungsleiter: Tobias Thiele<\/p><h3>Ihre Betroffenenrechte<\/h3><p>Unter den angegebenen Kontaktdaten unseres Datenschutzbeauftragten k\u00f6nnen Sie jederzeit folgende Rechte aus\u00fcben:<\/p><ul><li>Auskunft \u00fcber Ihre bei uns gespeicherten Daten und deren Verarbeitung (Art. 15 DSGVO),<\/li><li>Berichtigung unrichtiger personenbezogener Daten (Art. 16 DSGVO),<\/li><li>L\u00f6schung Ihrer bei uns gespeicherten Daten (Art. 17 DSGVO),<\/li><li>Einschr\u00e4nkung der Datenverarbeitung, sofern wir Ihre Daten aufgrund gesetzlicher Pflichten noch nicht l\u00f6schen d\u00fcrfen (Art. 18 DSGVO),<\/li><li>Widerspruch gegen die Verarbeitung Ihrer Daten bei uns (Art. 21 DSGVO) und<\/li><li>Daten\u00fcbertragbarkeit, sofern Sie in die Datenverarbeitung eingewilligt haben oder einen Vertrag mit uns abgeschlossen haben (Art. 20 DSGVO).<\/li><\/ul><p>Sofern Sie uns eine Einwilligung erteilt haben, k\u00f6nnen Sie diese jederzeit mit Wirkung f\u00fcr die Zukunft widerrufen.<\/p><p>Sie k\u00f6nnen sich jederzeit mit einer Beschwerde an eine Aufsichtsbeh\u00f6rde wenden, z. B. an die zust\u00e4ndige Aufsichtsbeh\u00f6rde des Bundeslands Ihres Wohnsitzes oder an die f\u00fcr uns als verantwortliche Stelle zust\u00e4ndige Beh\u00f6rde.<\/p><p>Eine Liste der Aufsichtsbeh\u00f6rden (f\u00fcr den nicht\u00f6ffentlichen Bereich) mit Anschrift finden Sie unter: <a href=\"https:\/\/www.bfdi.bund.de\/DE\/Infothek\/Anschriften_Links\/anschriften_links-node.html\" target=\"_blank\" rel=\"nofollow noopener\">https:\/\/www.bfdi.bund.de\/DE\/Infothek\/Anschriften_Links\/anschriften_links-node.html<\/a>.<\/p><h2><br \/>Kontaktformular<\/h2><h3>Art und Zweck der Verarbeitung:<\/h3><p>Die von Ihnen eingegebenen Daten werden zum Zweck der individuellen Kommunikation mit Ihnen gespeichert. Hierf\u00fcr ist die Angabe einer validen E-Mail-Adresse sowie Ihres Namens erforderlich. Diese dient der Zuordnung der Anfrage und der anschlie\u00dfenden Beantwortung derselben. Die Angabe weiterer Daten ist optional.<\/p><h3>Rechtsgrundlage:<\/h3><p>Die Verarbeitung der in das Kontaktformular eingegebenen Daten erfolgt auf der Grundlage eines berechtigten Interesses (Art. 6 Abs. 1 lit. f DSGVO).<\/p><p>Durch Bereitstellung des Kontaktformulars m\u00f6chten wir Ihnen eine unkomplizierte Kontaktaufnahme erm\u00f6glichen. Ihre gemachten Angaben werden zum Zwecke der Bearbeitung der Anfrage sowie f\u00fcr m\u00f6gliche Anschlussfragen gespeichert.<\/p><p>Sofern Sie mit uns Kontakt aufnehmen, um ein Angebot zu erfragen, erfolgt die Verarbeitung der in das Kontaktformular eingegebenen Daten zur Durchf\u00fchrung vorvertraglicher Ma\u00dfnahmen (Art. 6 Abs. 1 lit. b DSGVO).<\/p><h3>Empf\u00e4nger:<\/h3><p>Empf\u00e4nger der Daten sind ggf. Auftragsverarbeiter.<\/p><h3>Speicherdauer:<\/h3><p>Daten werden sp\u00e4testens 6 Monate nach Bearbeitung der Anfrage gel\u00f6scht.<\/p><p>Sofern es zu einem Vertragsverh\u00e4ltnis kommt, unterliegen wir den gesetzlichen Aufbewahrungsfristen nach HGB und l\u00f6schen Ihre Daten nach Ablauf dieser Fristen.<\/p><h3>Bereitstellung vorgeschrieben oder erforderlich:<\/h3><p>Die Bereitstellung Ihrer personenbezogenen Daten erfolgt freiwillig. Wir k\u00f6nnen Ihre Anfrage jedoch nur bearbeiten, sofern Sie uns Ihren Namen, Ihre E-Mail-Adresse und den Grund der Anfrage mitteilen.<\/p><h3>Verwendung von Scriptbibliotheken (Google Webfonts)<\/h3><p>Um unsere Inhalte browser\u00fcbergreifend korrekt und grafisch ansprechend darzustellen, verwenden wir auf dieser Website \u201eGoogle Web Fonts\u201c der Google LLC (1600 Amphitheatre Parkway, Mountain View, CA 94043, USA; nachfolgend \u201eGoogle\u201c) zur Darstellung von Schriften.<\/p><p>Weitere Informationen zu Google Web Fonts finden Sie unter <a href=\"https:\/\/developers.google.com\/fonts\/faq\" target=\"_blank\" rel=\"noopener nofollow\">https:\/\/developers.google.com\/fonts\/faq<\/a> und in der Datenschutzerkl\u00e4rung von Google: <a href=\"https:\/\/www.google.com\/policies\/privacy\/\" target=\"_blank\" rel=\"noopener nofollow\">https:\/\/www.google.com\/policies\/privacy\/<\/a>.<\/p><h3>Verwendung von Typekit-Webschriftarten von Adobe Fonts<\/h3><p>Wir setzen Typekit-Webschriftarten von Adobe Fonts zur visuellen Gestaltung unserer Website ein. Adobe Fonts ist ein Dienst der Adobe Systems Software Ireland Companies (4-6 Riverwalk, Citywest Business Campus, Dublin 24, Republic of Ireland; nachfolgend \u201eAdobe\u201c), der uns den Zugriff auf eine Schriftartenbibliothek gew\u00e4hrt.<\/p><p>Zur Einbindung der von uns benutzten Schriftarten muss Ihr Browser eine Verbindung zu einem Server von Adobe in den USA aufbauen und die f\u00fcr unsere Website ben\u00f6tigte Schriftart herunterladen. Adobe erh\u00e4lt hierdurch die Information, dass von Ihrer IP-Adresse unsere Website aufgerufen wurde.<\/p><p>Weitere Informationen zu Adobe Fonts finden Sie in den Datenschutzhinweisen von Adobe Fonts, die Sie hier abrufen k\u00f6nnen: <a href=\"https:\/\/www.adobe.com\/de\/privacy\/policies\/adobe-fonts.html\" target=\"_blank\" rel=\"noopener nofollow\">https:\/\/www.adobe.com\/de\/privacy\/policies\/adobe-fonts.html<\/a><\/p><p>Wenn Ihr Browser Web Fonts nicht unterst\u00fctzt, oder Sie Ihre Einwilligung nicht erteilen, wird eine Standardschrift von Ihrem Computer genutzt.<\/p><h3>Widerruf der Einwilligung:<\/h3><p>Vom Anbieter wird derzeit keine M\u00f6glichkeit f\u00fcr einen einfachen Opt-out oder ein Blockieren der Daten\u00fcbertragung angeboten. Wenn Sie eine Nachverfolgung Ihrer Aktivit\u00e4ten auf unserer Website verhindern wollen, widerrufen Sie bitte im Cookie-Consent-Tool Ihre Einwilligung f\u00fcr die entsprechende Cookie-Kategorie oder alle technisch nicht notwendigen Cookies und Daten\u00fcbertragungen. In diesem Fall k\u00f6nnen Sie unsere Website jedoch ggfs. nicht oder nur eingeschr\u00e4nkt nutzen.<\/p><h3>Eingebettete YouTube-Videos<\/h3><p>Auf unserer Website betten wir YouTube-Videos ein. Betreiber der entsprechenden Plugins ist die YouTube, LLC, 901 Cherry Ave., San Bruno, CA 94066, USA (nachfolgend \u201eYouTube\u201c). Die YouTube, LLC ist einer Tochtergesellschaft der Google LLC, 1600 Amphitheatre Pkwy, Mountain View, CA 94043, USA (nachfolgend \u201eGoogle\u201c). Wenn Sie eine Seite mit dem YouTube-Plugin besuchen, wird eine Verbindung zu Servern von YouTube hergestellt. Dabei wird YouTube mitgeteilt, welche Seiten Sie besuchen. Wenn Sie in Ihrem YouTube-Account eingeloggt sind, kann YouTube Ihr Surfverhalten Ihnen pers\u00f6nlich zuzuordnen. Dies verhindern Sie, indem Sie sich vorher aus Ihrem YouTube-Account ausloggen.<\/p><p>Wird ein YouTube-Video gestartet, setzt der Anbieter Cookies ein, die Hinweise \u00fcber das Nutzerverhalten sammeln.<\/p><p>Weitere Informationen zu Zweck und Umfang der Datenerhebung und ihrer Verarbeitung durch YouTube erhalten Sie in den Datenschutzerkl\u00e4rungen des Anbieters, Dort erhalten Sie auch weitere Informationen zu Ihren diesbez\u00fcglichen Rechten und Einstellungsm\u00f6glichkeiten zum Schutze Ihrer Privatsph\u00e4re (<a href=\"https:\/\/policies.google.com\/privacy\">https:\/\/policies.google.com\/privacy<\/a>).<\/p><h3>Widerruf der Einwilligung:<\/h3><p>Vom Anbieter wird derzeit keine M\u00f6glichkeit f\u00fcr einen einfachen Opt-out oder ein Blockieren der Daten\u00fcbertragung angeboten. Wenn Sie eine Nachverfolgung Ihrer Aktivit\u00e4ten auf unserer Website verhindern wollen, widerrufen Sie bitte im Cookie-Consent-Tool Ihre Einwilligung f\u00fcr die entsprechende Cookie-Kategorie oder alle technisch nicht notwendigen Cookies und Daten\u00fcbertragungen. In diesem Fall k\u00f6nnen Sie unsere Website jedoch ggfs. nicht oder nur eingeschr\u00e4nkt nutzen.<\/p><h3>Social Plugins<\/h3><p>Auf unserer Website werden Social Plugins der unten aufgef\u00fchrten Anbieter eingesetzt. Die Plugins k\u00f6nnen Sie daran erkennen, dass sie mit dem entsprechenden Logo gekennzeichnet sind.<\/p><p>\u00dcber diese Plugins werden unter Umst\u00e4nden Informationen, zu denen auch personenbezogene Daten geh\u00f6ren k\u00f6nnen, an den Dienstebetreiber gesendet und ggf. von diesem genutzt. Wir verhindern die unbewusste und ungewollte Erfassung und \u00dcbertragung von Daten an den Diensteanbieter durch eine 2-Klick-L\u00f6sung. Um ein gew\u00fcnschtes Social Plugin zu aktivieren, muss dieses erst durch Klick auf den entsprechenden Schalter aktiviert werden. Erst durch diese Aktivierung des Plugins wird auch die Erfassung von Informationen und deren \u00dcbertragung an den Diensteanbieter ausgel\u00f6st. Wir erfassen selbst keine personenbezogenen Daten mittels der Social Plugins oder \u00fcber deren Nutzung.<\/p><p>Wir haben keinen Einfluss darauf, welche Daten ein aktiviertes Plugin erfasst und wie diese durch den Anbieter verwendet werden. Derzeit muss davon ausgegangen werden, dass eine direkte Verbindung zu den Diensten des Anbieters ausgebaut wird sowie mindestens die IP-Adresse und ger\u00e4tebezogene Informationen erfasst und genutzt werden. Ebenfalls besteht die M\u00f6glichkeit, dass die Diensteanbieter versuchen, Cookies auf dem verwendeten Rechner zu speichern. Welche konkreten Daten hierbei erfasst und wie diese genutzt werden, entnehmen Sie bitte den Datenschutzhinweisen des jeweiligen Diensteanbieters. Hinweis: Falls Sie zeitgleich bei Facebook angemeldet sind, kann Facebook Sie als Besucher einer bestimmten Seite identifizieren.<\/p><p>Wir haben auf unserer Website die Social-Media-Buttons folgender Unternehmen eingebunden:<\/p><h3>SSL-Verschl\u00fcsselung<\/h3><p>Um die Sicherheit Ihrer Daten bei der \u00dcbertragung zu sch\u00fctzen, verwenden wir dem aktuellen Stand der Technik entsprechende Verschl\u00fcsselungsverfahren (z. B. SSL) \u00fcber HTTPS.<\/p><hr \/><h3>Information \u00fcber Ihr Widerspruchsrecht nach Art. 21 DSGVO<\/h3><h3>Einzelfallbezogenes Widerspruchsrecht<\/h3><p>Sie haben das Recht, aus Gr\u00fcnden, die sich aus Ihrer besonderen Situation ergeben, jederzeit gegen die Verarbeitung Sie betreffender personenbezogener Daten, die aufgrund Art. 6 Abs. 1 lit. f DSGVO (Datenverarbeitung auf der Grundlage einer Interessenabw\u00e4gung) erfolgt, Widerspruch einzulegen; dies gilt auch f\u00fcr ein auf diese Bestimmung gest\u00fctztes Profiling im Sinne von Art. 4 Nr. 4 DSGVO.<\/p><p>Legen Sie Widerspruch ein, werden wir Ihre personenbezogenen Daten nicht mehr verarbeiten, es sei denn, wir k\u00f6nnen zwingende schutzw\u00fcrdige Gr\u00fcnde f\u00fcr die Verarbeitung nachweisen, die Ihre Interessen, Rechte und Freiheiten \u00fcberwiegen, oder die Verarbeitung dient der Geltendmachung, Aus\u00fcbung oder Verteidigung von Rechtsanspr\u00fcchen.<\/p><h3>Empf\u00e4nger eines Widerspruchs<\/h3><p><strong>Rock &#8217;n&#8216; Roll Club Peiting im TSV e. V.<\/strong><br \/><em>vertreten durch den Abteilungsleiter: Tobias Thiele<\/em><br \/>Flachsstra\u00dfe 26<br \/>86179 Augsburg<\/p><p>E-Mail: geschaefststelle(at)rrcpeiting.de \u2022 Telefon: 0821 20832052<\/p><hr \/><h3>\u00c4nderung unserer Datenschutzbestimmungen<\/h3><p>Wir behalten uns vor, diese Datenschutzerkl\u00e4rung anzupassen, damit sie stets den aktuellen rechtlichen Anforderungen entspricht oder um \u00c4nderungen unserer Leistungen in der Datenschutzerkl\u00e4rung umzusetzen, z.B. bei der Einf\u00fchrung neuer Services. F\u00fcr Ihren erneuten Besuch gilt dann die neue Datenschutzerkl\u00e4rung.<\/p><h3>Fragen an den Datenschutzbeauftragten<\/h3><p>Wenn Sie Fragen zum Datenschutz haben, schreiben Sie uns bitte eine E-Mail.<\/p><p><strong>Rock &#8217;n&#8216; Roll Club Peiting im TSV e. V.<\/strong><br \/><em>vertreten durch den Abteilungsleiter: Tobias Thiele<\/em><br \/>Flachsstra\u00dfe 26<br \/>86179 Augsburg<\/p><p>E-Mail: geschaefststelle(at)rrcpeiting.de \u2022 Telefon: 0821 20832052<\/p><p>\u00a0<\/p><p><em>Die Datenschutzerkl\u00e4rung wurde mithilfe der activeMind AG erstellt, den Experten f\u00fcr <a href=\"https:\/\/www.activemind.de\/datenschutz\/datenschutzbeauftragter\/\" target=\"_blank\" rel=\"noopener\">externe Datenschutzbeauftragte<\/a> (Version #2020-09-30).<\/em><\/p>\t\t\t\t\t\t\t\t<\/div>\n\t\t\t\t<\/div>\n\t\t\t\t\t<\/div>\n\t\t\t\t<\/div>\n\t\t\t\t<\/div>\n\t\t","protected":false},"excerpt":{"rendered":"<p>Impressum Angaben i.S.d. TMG: TSV Peiting e.V.Alfons-Peter-Str. 1086971 Peiting Vetreten durch: G\u00fcnther Neureuther \u00a0 Rock &#8217;n&#8216; Roll Club Peiting im TSV e. V.vertreten durch den Abteilungsleiter: Tobias ThieleFlachsstra\u00dfe 2686179 Augsburg Verantwortlich i.S.d. \u00a7 18 Abs. 2 MStV: Tobas ThieleFlachsstra\u00dfe 26, 86179 Augsburg Inhaltlich Verantwortlicher gem. \u00a7 55 Abs. 2 RStV: Rock &#8217;n&#8216; Roll Club Peiting [&hellip;]<\/p>\n","protected":false},"author":1,"featured_media":0,"parent":0,"menu_order":0,"comment_status":"closed","ping_status":"closed","template":"","meta":{"footnotes":""},"class_list":["post-117757","page","type-page","status-publish","hentry"],"_links":{"self":[{"href":"https:\/\/rrcpeiting.de\/index.php?rest_route=\/wp\/v2\/pages\/117757","targetHints":{"allow":["GET"]}}],"collection":[{"href":"https:\/\/rrcpeiting.de\/index.php?rest_route=\/wp\/v2\/pages"}],"about":[{"href":"https:\/\/rrcpeiting.de\/index.php?rest_route=\/wp\/v2\/types\/page"}],"author":[{"embeddable":true,"href":"https:\/\/rrcpeiting.de\/index.php?rest_route=\/wp\/v2\/users\/1"}],"replies":[{"embeddable":true,"href":"https:\/\/rrcpeiting.de\/index.php?rest_route=%2Fwp%2Fv2%2Fcomments&post=117757"}],"version-history":[{"count":6,"href":"https:\/\/rrcpeiting.de\/index.php?rest_route=\/wp\/v2\/pages\/117757\/revisions"}],"predecessor-version":[{"id":118915,"href":"https:\/\/rrcpeiting.de\/index.php?rest_route=\/wp\/v2\/pages\/117757\/revisions\/118915"}],"wp:attachment":[{"href":"https:\/\/rrcpeiting.de\/index.php?rest_route=%2Fwp%2Fv2%2Fmedia&parent=117757"}],"curies":[{"name":"wp","href":"https:\/\/api.w.org\/{rel}","templated":true}]}}